{"id":4531,"date":"2026-01-18T00:51:02","date_gmt":"2026-01-18T00:51:02","guid":{"rendered":"https:\/\/uicenter.ca\/?page_id=4531"},"modified":"2026-01-18T22:16:21","modified_gmt":"2026-01-18T22:16:21","slug":"acheteurs","status":"publish","type":"page","link":"https:\/\/equipechamberland.xyz\/fr\/acheteurs\/","title":{"rendered":"ACHETEURS"},"content":{"rendered":"<div data-elementor-type=\"wp-page\" data-elementor-id=\"4531\" class=\"elementor elementor-4531\" data-elementor-post-type=\"page\">\n\t\t\t\t<div class=\"elementor-element elementor-element-d98d32d e-flex e-con-boxed e-con e-parent\" data-id=\"d98d32d\" data-element_type=\"container\" data-e-type=\"container\">\n\t\t\t\t\t<div class=\"e-con-inner\">\n\t\t\t\t<div class=\"elementor-element elementor-element-d77a05f elementor-grid-3 elementor-grid-tablet-2 elementor-grid-mobile-1 elementor-posts--thumbnail-top elementor-widget elementor-widget-posts\" data-id=\"d77a05f\" data-element_type=\"widget\" data-e-type=\"widget\" data-settings=\"{&quot;classic_columns&quot;:&quot;3&quot;,&quot;classic_columns_tablet&quot;:&quot;2&quot;,&quot;classic_columns_mobile&quot;:&quot;1&quot;,&quot;classic_row_gap&quot;:{&quot;unit&quot;:&quot;px&quot;,&quot;size&quot;:35,&quot;sizes&quot;:[]},&quot;classic_row_gap_tablet&quot;:{&quot;unit&quot;:&quot;px&quot;,&quot;size&quot;:&quot;&quot;,&quot;sizes&quot;:[]},&quot;classic_row_gap_mobile&quot;:{&quot;unit&quot;:&quot;px&quot;,&quot;size&quot;:&quot;&quot;,&quot;sizes&quot;:[]}}\" data-widget_type=\"posts.classic\">\n\t\t\t\t<div class=\"elementor-widget-container\">\n\t\t\t\t\t\t\t<div class=\"elementor-posts-container elementor-posts elementor-posts--skin-classic elementor-grid\" role=\"list\">\n\t\t\t\t<article class=\"elementor-post elementor-grid-item post-6131 post type-post status-publish format-standard has-post-thumbnail hentry category-buyers\" role=\"listitem\">\n\t\t\t\t<a class=\"elementor-post__thumbnail__link\" href=\"https:\/\/equipechamberland.xyz\/fr\/2026\/02\/18\/vip-access-for-new-listings\/\" tabindex=\"-1\" >\n\t\t\t<div class=\"elementor-post__thumbnail\"><img fetchpriority=\"high\" decoding=\"async\" width=\"2560\" height=\"1706\" src=\"https:\/\/equipechamberland.xyz\/wp-content\/uploads\/2026\/02\/vip-list-scaled.jpg\" class=\"attachment-full size-full wp-image-6147\" alt=\"\" \/><\/div>\n\t\t<\/a>\n\t\t\t\t<div class=\"elementor-post__text\">\n\t\t\t\t<h3 class=\"elementor-post__title\">\n\t\t\t<a href=\"https:\/\/equipechamberland.xyz\/fr\/2026\/02\/18\/vip-access-for-new-listings\/\" >\n\t\t\t\tAcc\u00e8s VIP aux Nouveaut\u00e9s\t\t\t<\/a>\n\t\t<\/h3>\n\t\t\n\t\t<a class=\"elementor-post__read-more\" href=\"https:\/\/equipechamberland.xyz\/fr\/2026\/02\/18\/vip-access-for-new-listings\/\" aria-label=\"Read more about VIP Access for New Listings\" tabindex=\"-1\" >\n\t\t\tEn savoir plus \u00bb\t\t<\/a>\n\n\t\t\t\t<\/div>\n\t\t\t\t<\/article>\n\t\t\t\t<article class=\"elementor-post elementor-grid-item post-4866 post type-post status-publish format-standard has-post-thumbnail hentry category-buyers\" role=\"listitem\">\n\t\t\t\t<a class=\"elementor-post__thumbnail__link\" href=\"https:\/\/equipechamberland.xyz\/fr\/2026\/01\/18\/27-choses-importantes\/\" tabindex=\"-1\" >\n\t\t\t<div class=\"elementor-post__thumbnail\"><img decoding=\"async\" width=\"1280\" height=\"854\" src=\"https:\/\/equipechamberland.xyz\/wp-content\/uploads\/2026\/01\/famille-1-1280x854-1.jpg\" class=\"attachment-full size-full wp-image-4867\" alt=\"\" \/><\/div>\n\t\t<\/a>\n\t\t\t\t<div class=\"elementor-post__text\">\n\t\t\t\t<h3 class=\"elementor-post__title\">\n\t\t\t<a href=\"https:\/\/equipechamberland.xyz\/fr\/2026\/01\/18\/27-choses-importantes\/\" >\n\t\t\t\t27 choses importantes\t\t\t<\/a>\n\t\t<\/h3>\n\t\t\n\t\t<a class=\"elementor-post__read-more\" href=\"https:\/\/equipechamberland.xyz\/fr\/2026\/01\/18\/27-choses-importantes\/\" aria-label=\"Read more about 27 important things\" tabindex=\"-1\" >\n\t\t\tEn savoir plus \u00bb\t\t<\/a>\n\n\t\t\t\t<\/div>\n\t\t\t\t<\/article>\n\t\t\t\t<article class=\"elementor-post elementor-grid-item post-4623 post type-post status-publish format-standard has-post-thumbnail hentry category-buyers\" role=\"listitem\">\n\t\t\t\t<a class=\"elementor-post__thumbnail__link\" href=\"https:\/\/equipechamberland.xyz\/fr\/2026\/01\/18\/6-erreurs-couteuses-a-eviter\/\" tabindex=\"-1\" >\n\t\t\t<div class=\"elementor-post__thumbnail\"><img decoding=\"async\" width=\"1536\" height=\"1024\" src=\"https:\/\/equipechamberland.xyz\/wp-content\/uploads\/2026\/01\/home6-1-1536x1024-1.jpg\" class=\"attachment-full size-full wp-image-4624\" alt=\"\" \/><\/div>\n\t\t<\/a>\n\t\t\t\t<div class=\"elementor-post__text\">\n\t\t\t\t<h3 class=\"elementor-post__title\">\n\t\t\t<a href=\"https:\/\/equipechamberland.xyz\/fr\/2026\/01\/18\/6-erreurs-couteuses-a-eviter\/\" >\n\t\t\t\t6 erreurs co\u00fbteuses \u00e0 \u00e9viter\t\t\t<\/a>\n\t\t<\/h3>\n\t\t\n\t\t<a class=\"elementor-post__read-more\" href=\"https:\/\/equipechamberland.xyz\/fr\/2026\/01\/18\/6-erreurs-couteuses-a-eviter\/\" aria-label=\"Read more about 6 Costly Mistakes to Avoid\" tabindex=\"-1\" >\n\t\t\tEn savoir plus \u00bb\t\t<\/a>\n\n\t\t\t\t<\/div>\n\t\t\t\t<\/article>\n\t\t\t\t<article class=\"elementor-post elementor-grid-item post-4612 post type-post status-publish format-standard has-post-thumbnail hentry category-buyers\" role=\"listitem\">\n\t\t\t\t<a class=\"elementor-post__thumbnail__link\" href=\"https:\/\/equipechamberland.xyz\/fr\/2026\/01\/18\/les-maisons-a-reparer-mythes-et-realites\/\" tabindex=\"-1\" >\n\t\t\t<div class=\"elementor-post__thumbnail\"><img loading=\"lazy\" decoding=\"async\" width=\"1280\" height=\"854\" src=\"https:\/\/equipechamberland.xyz\/wp-content\/uploads\/2026\/01\/home7-1-1280x854-1.jpg\" class=\"attachment-full size-full wp-image-4613\" alt=\"\" \/><\/div>\n\t\t<\/a>\n\t\t\t\t<div class=\"elementor-post__text\">\n\t\t\t\t<h3 class=\"elementor-post__title\">\n\t\t\t<a href=\"https:\/\/equipechamberland.xyz\/fr\/2026\/01\/18\/les-maisons-a-reparer-mythes-et-realites\/\" >\n\t\t\t\tMaisons \u00e0 r\u00e9nover\u00a0: mythes et r\u00e9alit\u00e9s\t\t\t<\/a>\n\t\t<\/h3>\n\t\t\n\t\t<a class=\"elementor-post__read-more\" href=\"https:\/\/equipechamberland.xyz\/fr\/2026\/01\/18\/les-maisons-a-reparer-mythes-et-realites\/\" aria-label=\"Read more about Houses to repair, myths and facts\" tabindex=\"-1\" >\n\t\t\tEn savoir plus \u00bb\t\t<\/a>\n\n\t\t\t\t<\/div>\n\t\t\t\t<\/article>\n\t\t\t\t<article class=\"elementor-post elementor-grid-item post-4606 post type-post status-publish format-standard has-post-thumbnail hentry category-buyers\" role=\"listitem\">\n\t\t\t\t<a class=\"elementor-post__thumbnail__link\" href=\"https:\/\/equipechamberland.xyz\/fr\/2026\/01\/18\/lachat-dun-bien-immobilier-plus-grand\/\" tabindex=\"-1\" >\n\t\t\t<div class=\"elementor-post__thumbnail\"><img loading=\"lazy\" decoding=\"async\" width=\"2560\" height=\"1707\" src=\"https:\/\/equipechamberland.xyz\/wp-content\/uploads\/2026\/01\/home4-1-scaled-1.jpg\" class=\"attachment-full size-full wp-image-4607\" alt=\"\" \/><\/div>\n\t\t<\/a>\n\t\t\t\t<div class=\"elementor-post__text\">\n\t\t\t\t<h3 class=\"elementor-post__title\">\n\t\t\t<a href=\"https:\/\/equipechamberland.xyz\/fr\/2026\/01\/18\/lachat-dun-bien-immobilier-plus-grand\/\" >\n\t\t\t\tAchat d'une propri\u00e9t\u00e9 plus grande\t\t\t<\/a>\n\t\t<\/h3>\n\t\t\n\t\t<a class=\"elementor-post__read-more\" href=\"https:\/\/equipechamberland.xyz\/fr\/2026\/01\/18\/lachat-dun-bien-immobilier-plus-grand\/\" aria-label=\"Read more about Purchase of a larger property\" tabindex=\"-1\" >\n\t\t\tEn savoir plus \u00bb\t\t<\/a>\n\n\t\t\t\t<\/div>\n\t\t\t\t<\/article>\n\t\t\t\t<article class=\"elementor-post elementor-grid-item post-4597 post type-post status-publish format-standard has-post-thumbnail hentry category-buyers\" role=\"listitem\">\n\t\t\t\t<a class=\"elementor-post__thumbnail__link\" href=\"https:\/\/equipechamberland.xyz\/fr\/2026\/01\/18\/elementaire-4597\/\" tabindex=\"-1\" >\n\t\t\t<div class=\"elementor-post__thumbnail\"><img loading=\"lazy\" decoding=\"async\" width=\"1280\" height=\"854\" src=\"https:\/\/equipechamberland.xyz\/wp-content\/uploads\/2026\/01\/home5-2-1280x854-1.jpg\" class=\"attachment-full size-full wp-image-4598\" alt=\"\" \/><\/div>\n\t\t<\/a>\n\t\t\t\t<div class=\"elementor-post__text\">\n\t\t\t\t<h3 class=\"elementor-post__title\">\n\t\t\t<a href=\"https:\/\/equipechamberland.xyz\/fr\/2026\/01\/18\/elementaire-4597\/\" >\n\t\t\t\tComment acheter un bien immobilier sans apport initial\u00a0!\t\t\t<\/a>\n\t\t<\/h3>\n\t\t\n\t\t<a class=\"elementor-post__read-more\" href=\"https:\/\/equipechamberland.xyz\/fr\/2026\/01\/18\/elementaire-4597\/\" aria-label=\"Read more about How to buy a property with $0 CASH DOWN!!\" tabindex=\"-1\" >\n\t\t\tEn savoir plus \u00bb\t\t<\/a>\n\n\t\t\t\t<\/div>\n\t\t\t\t<\/article>\n\t\t\t\t<article class=\"elementor-post elementor-grid-item post-4591 post type-post status-publish format-standard has-post-thumbnail hentry category-buyers\" role=\"listitem\">\n\t\t\t\t<a class=\"elementor-post__thumbnail__link\" href=\"https:\/\/equipechamberland.xyz\/fr\/2026\/01\/18\/ne-plus-payer-de-loyer-a-votre-proprietaire\/\" tabindex=\"-1\" >\n\t\t\t<div class=\"elementor-post__thumbnail\"><img loading=\"lazy\" decoding=\"async\" width=\"1280\" height=\"854\" src=\"https:\/\/equipechamberland.xyz\/wp-content\/uploads\/2026\/01\/moving11-1280x854-1.jpg\" class=\"attachment-full size-full wp-image-4592\" alt=\"\" \/><\/div>\n\t\t<\/a>\n\t\t\t\t<div class=\"elementor-post__text\">\n\t\t\t\t<h3 class=\"elementor-post__title\">\n\t\t\t<a href=\"https:\/\/equipechamberland.xyz\/fr\/2026\/01\/18\/ne-plus-payer-de-loyer-a-votre-proprietaire\/\" >\n\t\t\t\tCessez de payer votre loyer \u00e0 votre propri\u00e9taire.\t\t\t<\/a>\n\t\t<\/h3>\n\t\t\n\t\t<a class=\"elementor-post__read-more\" href=\"https:\/\/equipechamberland.xyz\/fr\/2026\/01\/18\/ne-plus-payer-de-loyer-a-votre-proprietaire\/\" aria-label=\"Read more about Stop paying rent to your landlord\" tabindex=\"-1\" >\n\t\t\tEn savoir plus \u00bb\t\t<\/a>\n\n\t\t\t\t<\/div>\n\t\t\t\t<\/article>\n\t\t\t\t<article class=\"elementor-post elementor-grid-item post-4585 post type-post status-publish format-standard has-post-thumbnail hentry category-buyers\" role=\"listitem\">\n\t\t\t\t<a class=\"elementor-post__thumbnail__link\" href=\"https:\/\/equipechamberland.xyz\/fr\/2026\/01\/18\/8-raisons-dacheter-un-logement-cette-annee\/\" tabindex=\"-1\" >\n\t\t\t<div class=\"elementor-post__thumbnail\"><img loading=\"lazy\" decoding=\"async\" width=\"1280\" height=\"854\" src=\"https:\/\/equipechamberland.xyz\/wp-content\/uploads\/2026\/01\/hom2-1-1280x854-1.jpg\" class=\"attachment-full size-full wp-image-4586\" alt=\"\" \/><\/div>\n\t\t<\/a>\n\t\t\t\t<div class=\"elementor-post__text\">\n\t\t\t\t<h3 class=\"elementor-post__title\">\n\t\t\t<a href=\"https:\/\/equipechamberland.xyz\/fr\/2026\/01\/18\/8-raisons-dacheter-un-logement-cette-annee\/\" >\n\t\t\t\t8 raisons d'acheter\t\t\t<\/a>\n\t\t<\/h3>\n\t\t\n\t\t<a class=\"elementor-post__read-more\" href=\"https:\/\/equipechamberland.xyz\/fr\/2026\/01\/18\/8-raisons-dacheter-un-logement-cette-annee\/\" aria-label=\"Read more about 8 Reasons Why Buying\" tabindex=\"-1\" >\n\t\t\tEn savoir plus \u00bb\t\t<\/a>\n\n\t\t\t\t<\/div>\n\t\t\t\t<\/article>\n\t\t\t\t<article class=\"elementor-post elementor-grid-item post-2643 post type-post status-publish format-standard has-post-thumbnail hentry category-buyers tag-apa tag-house tag-sky\" role=\"listitem\">\n\t\t\t\t<a class=\"elementor-post__thumbnail__link\" href=\"https:\/\/equipechamberland.xyz\/fr\/2023\/03\/26\/une-equipe-qui-obtient-des-resultats\/\" tabindex=\"-1\" >\n\t\t\t<div class=\"elementor-post__thumbnail\"><img loading=\"lazy\" decoding=\"async\" width=\"554\" height=\"346\" src=\"https:\/\/equipechamberland.xyz\/wp-content\/uploads\/2023\/03\/Screenshot-from-2025-08-20-11-53-20.png\" class=\"attachment-full size-full wp-image-4553\" alt=\"\" \/><\/div>\n\t\t<\/a>\n\t\t\t\t<div class=\"elementor-post__text\">\n\t\t\t\t<h3 class=\"elementor-post__title\">\n\t\t\t<a href=\"https:\/\/equipechamberland.xyz\/fr\/2023\/03\/26\/une-equipe-qui-obtient-des-resultats\/\" >\n\t\t\t\tUne \u00e9quipe qui produit des r\u00e9sultats\t\t\t<\/a>\n\t\t<\/h3>\n\t\t\n\t\t<a class=\"elementor-post__read-more\" href=\"https:\/\/equipechamberland.xyz\/fr\/2023\/03\/26\/une-equipe-qui-obtient-des-resultats\/\" aria-label=\"Read more about A team that delivers results\" tabindex=\"-1\" >\n\t\t\tEn savoir plus \u00bb\t\t<\/a>\n\n\t\t\t\t<\/div>\n\t\t\t\t<\/article>\n\t\t\t\t<\/div>\n\t\t\n\t\t\t\t\t\t<\/div>\n\t\t\t\t<\/div>\n\t\t\t\t\t<\/div>\n\t\t\t\t<\/div>\n\t\t<div class=\"elementor-element elementor-element-7e6d7bb e-flex e-con-boxed e-con e-parent\" data-id=\"7e6d7bb\" data-element_type=\"container\" data-e-type=\"container\">\n\t\t\t\t\t<div class=\"e-con-inner\">\n\t\t\t\t<div class=\"elementor-element elementor-element-e8315d2 elementor-widget elementor-widget-spacer\" data-id=\"e8315d2\" data-element_type=\"widget\" data-e-type=\"widget\" data-widget_type=\"spacer.default\">\n\t\t\t\t\t\t\t<div class=\"elementor-spacer\">\n\t\t\t<div class=\"elementor-spacer-inner\"><\/div>\n\t\t<\/div>\n\t\t\t\t\t\t<\/div>\n\t\t\t\t\t<\/div>\n\t\t\t\t<\/div>\n\t\t\t\t<section class=\"elementor-section elementor-top-section elementor-element elementor-element-1a3555c elementor-section-stretched elementor-section-boxed elementor-section-height-default elementor-section-height-default\" data-id=\"1a3555c\" data-element_type=\"section\" data-e-type=\"section\" data-settings=\"{&quot;stretch_section&quot;:&quot;section-stretched&quot;,&quot;background_background&quot;:&quot;classic&quot;}\">\n\t\t\t\t\t\t<div class=\"elementor-container elementor-column-gap-extended\">\n\t\t\t\t\t<div class=\"elementor-column elementor-col-100 elementor-top-column elementor-element elementor-element-347ca04\" data-id=\"347ca04\" data-element_type=\"column\" data-e-type=\"column\">\n\t\t\t<div class=\"elementor-widget-wrap elementor-element-populated\">\n\t\t\t\t\t\t<div class=\"elementor-element elementor-element-3ffc6c5 elementor-invisible elementor-widget elementor-widget-heading\" data-id=\"3ffc6c5\" data-element_type=\"widget\" data-e-type=\"widget\" data-settings=\"{&quot;_animation&quot;:&quot;slide-up&quot;}\" data-widget_type=\"heading.default\">\n\t\t\t\t\t<h2 class=\"elementor-heading-title elementor-size-default\"><span class=\"text-theme\">Commentaires des clients<\/span> <\/h2>\t\t\t\t<\/div>\n\t\t\t\t<div class=\"elementor-element elementor-element-e4a0ec9 elementor-invisible elementor-widget elementor-widget-heading\" data-id=\"e4a0ec9\" data-element_type=\"widget\" data-e-type=\"widget\" data-settings=\"{&quot;_animation&quot;:&quot;slide-up&quot;}\" data-widget_type=\"heading.default\">\n\t\t\t\t\t<h2 class=\"elementor-heading-title elementor-size-default\">Que disent les gens de nous ?<\/h2>\t\t\t\t<\/div>\n\t\t\t\t\t<\/div>\n\t\t<\/div>\n\t\t\t\t\t<\/div>\n\t\t<\/section>\n\t\t\t\t<section class=\"elementor-section elementor-top-section elementor-element elementor-element-fc3cd26 elementor-section-stretched elementor-section-full_width elementor-section-height-default elementor-section-height-default\" data-id=\"fc3cd26\" data-element_type=\"section\" data-e-type=\"section\" data-settings=\"{&quot;stretch_section&quot;:&quot;section-stretched&quot;,&quot;background_background&quot;:&quot;classic&quot;}\">\n\t\t\t\t\t\t<div class=\"elementor-container elementor-column-gap-no\">\n\t\t\t\t\t<div class=\"elementor-column elementor-col-100 elementor-top-column elementor-element elementor-element-55c810a\" data-id=\"55c810a\" data-element_type=\"column\" data-e-type=\"column\">\n\t\t\t<div class=\"elementor-widget-wrap elementor-element-populated\">\n\t\t\t\t\t\t<div class=\"elementor-element elementor-element-76b17c1 elementor-widget elementor-widget-image-carousel\" data-id=\"76b17c1\" data-element_type=\"widget\" data-e-type=\"widget\" data-settings=\"{&quot;navigation&quot;:&quot;none&quot;,&quot;image_spacing_custom&quot;:{&quot;unit&quot;:&quot;px&quot;,&quot;size&quot;:14,&quot;sizes&quot;:[]},&quot;autoplay&quot;:&quot;yes&quot;,&quot;pause_on_hover&quot;:&quot;yes&quot;,&quot;pause_on_interaction&quot;:&quot;yes&quot;,&quot;autoplay_speed&quot;:5000,&quot;speed&quot;:500,&quot;image_spacing_custom_tablet&quot;:{&quot;unit&quot;:&quot;px&quot;,&quot;size&quot;:&quot;&quot;,&quot;sizes&quot;:[]},&quot;image_spacing_custom_mobile&quot;:{&quot;unit&quot;:&quot;px&quot;,&quot;size&quot;:&quot;&quot;,&quot;sizes&quot;:[]}}\" data-widget_type=\"image-carousel.default\">\n\t\t\t\t\t\t\t<div class=\"elementor-image-carousel-wrapper swiper\" role=\"region\" aria-roledescription=\"carousel\" aria-label=\"Carrousel d&#039;images\" dir=\"ltr\">\n\t\t\t<div class=\"elementor-image-carousel swiper-wrapper\" aria-live=\"off\">\n\t\t\t\t\t\t\t\t<div class=\"swiper-slide\" role=\"group\" aria-roledescription=\"slide\" aria-label=\"1 de 4\" data-no-translation-aria-label=\"\"><figure class=\"swiper-slide-inner\"><img decoding=\"async\" class=\"swiper-slide-image\" src=\"https:\/\/equipechamberland.xyz\/wp-content\/uploads\/2026\/01\/Screenshot-from-2025-12-11-18-10-06.png\" alt=\"Screenshot-from-2025-12-11-18-10-06.png\" \/><\/figure><\/div><div class=\"swiper-slide\" role=\"group\" aria-roledescription=\"slide\" aria-label=\"2 de 4\" data-no-translation-aria-label=\"\"><figure class=\"swiper-slide-inner\"><img decoding=\"async\" class=\"swiper-slide-image\" src=\"https:\/\/equipechamberland.xyz\/wp-content\/uploads\/2026\/01\/Screenshot-from-2025-12-11-18-09-59.png\" alt=\"Screenshot-from-2025-12-11-18-09-59.png\" \/><\/figure><\/div><div class=\"swiper-slide\" role=\"group\" aria-roledescription=\"slide\" aria-label=\"3 de 4\" data-no-translation-aria-label=\"\"><figure class=\"swiper-slide-inner\"><img decoding=\"async\" class=\"swiper-slide-image\" src=\"https:\/\/equipechamberland.xyz\/wp-content\/uploads\/2026\/01\/Screenshot-from-2025-12-11-18-09-44.png\" alt=\"Screenshot-from-2025-12-11-18-09-44.png\" \/><\/figure><\/div><div class=\"swiper-slide\" role=\"group\" aria-roledescription=\"slide\" aria-label=\"4 de 4\" data-no-translation-aria-label=\"\"><figure class=\"swiper-slide-inner\"><img decoding=\"async\" class=\"swiper-slide-image\" src=\"https:\/\/equipechamberland.xyz\/wp-content\/uploads\/2026\/01\/Screenshot-from-2025-12-11-18-09-31.png\" alt=\"Screenshot-from-2025-12-11-18-09-31.png\" \/><\/figure><\/div>\t\t\t<\/div>\n\t\t\t\t\t\t\t\n\t\t\t\t\t\t\t\t\t<\/div>\n\t\t\t\t\t\t<\/div>\n\t\t\t\t\t<\/div>\n\t\t<\/div>\n\t\t\t\t\t<\/div>\n\t\t<\/section>\n\t\t<div class=\"elementor-element elementor-element-2e112ca e-flex e-con-boxed e-con e-parent\" data-id=\"2e112ca\" data-element_type=\"container\" data-e-type=\"container\">\n\t\t\t\t\t<div class=\"e-con-inner\">\n\t\t\t\t<div class=\"elementor-element elementor-element-ee9b254 elementor-widget elementor-widget-spacer\" data-id=\"ee9b254\" data-element_type=\"widget\" data-e-type=\"widget\" data-widget_type=\"spacer.default\">\n\t\t\t\t\t\t\t<div class=\"elementor-spacer\">\n\t\t\t<div class=\"elementor-spacer-inner\"><\/div>\n\t\t<\/div>\n\t\t\t\t\t\t<\/div>\n\t\t\t\t\t<\/div>\n\t\t\t\t<\/div>\n\t\t\t\t<\/div>","protected":false},"excerpt":{"rendered":"<p>Customers Reviews What are people saying about us?<\/p>","protected":false},"author":1,"featured_media":0,"parent":0,"menu_order":0,"comment_status":"closed","ping_status":"closed","template":"","meta":{"footnotes":""},"class_list":["post-4531","page","type-page","status-publish","hentry"],"_links":{"self":[{"href":"https:\/\/equipechamberland.xyz\/fr\/wp-json\/wp\/v2\/pages\/4531","targetHints":{"allow":["GET"]}}],"collection":[{"href":"https:\/\/equipechamberland.xyz\/fr\/wp-json\/wp\/v2\/pages"}],"about":[{"href":"https:\/\/equipechamberland.xyz\/fr\/wp-json\/wp\/v2\/types\/page"}],"author":[{"embeddable":true,"href":"https:\/\/equipechamberland.xyz\/fr\/wp-json\/wp\/v2\/users\/1"}],"replies":[{"embeddable":true,"href":"https:\/\/equipechamberland.xyz\/fr\/wp-json\/wp\/v2\/comments?post=4531"}],"version-history":[{"count":10,"href":"https:\/\/equipechamberland.xyz\/fr\/wp-json\/wp\/v2\/pages\/4531\/revisions"}],"predecessor-version":[{"id":4937,"href":"https:\/\/equipechamberland.xyz\/fr\/wp-json\/wp\/v2\/pages\/4531\/revisions\/4937"}],"wp:attachment":[{"href":"https:\/\/equipechamberland.xyz\/fr\/wp-json\/wp\/v2\/media?parent=4531"}],"curies":[{"name":"wp","href":"https:\/\/api.w.org\/{rel}","templated":true}]}}